{"id":425,"date":"2021-09-30T12:59:40","date_gmt":"2021-09-30T11:59:40","guid":{"rendered":"https:\/\/sisa.archaeological.science\/?page_id=425"},"modified":"2021-09-30T12:59:40","modified_gmt":"2021-09-30T11:59:40","slug":"presentations-of-sisa-2021","status":"publish","type":"page","link":"https:\/\/sisa.archaeological.science\/index.php\/sisa-2021\/presentations-of-sisa-2021\/","title":{"rendered":"Presentations of SISA 2021"},"content":{"rendered":"\n<p>Here you may find the presentations given at SISA 2021. Password required.<\/p>\n\n\n<div class=\"sdm_fancy_template_wrapper\"><div class=\"sdm_fancy2_item sdm_fancy2_grid\"><div class=\"sdm_fancy2_wrapper\"><div class=\"sdm_fancy2_download_item_top\"><div class=\"sdm_fancy2_download_thumbnail\"><img class=\"sdm_fancy2_thumb_image\" src=\"http:\/\/sisa.archaeological.science\/wp-content\/uploads\/2021\/11\/SISA2021_Geology-Trient-Valley-web_thumb2.jpg\" alt = \"Protected: Fulda, Donat: Geology of the Trient Valley\" \/><\/div><\/div><div class=\"sdm_fancy2_download_title\">Protected: Fulda, Donat: Geology of the Trient Valley<\/div><div class=\"sdm_fancy2_download_link\"><span class=\"sdm_enter_password_label_text\">Enter Password to Download:<\/span><form action=\"https:\/\/sisa.archaeological.science\/?sdm_process_download=1&download_id=481\" method=\"post\" id=\"sdm-pass-69e00f5268dfb\" class=\"sdm-download-form\"><input type=\"password\" name=\"pass_text\" class=\"sdm_pass_text\" value=\"\" \/> <span class=\"sdm-download-button\"><a href=\"#\" name=\"sdm_dl_pass_submit\" class=\"pass_sumbit sdm_pass_protected_download sdm_download_with_condition sdm_fancy2_download_dl_link\">Download Now!<\/a><\/span><input type=\"hidden\" name=\"download_id\" value=\"481\" \/><\/form><\/div><\/div><\/div><\/div><div class=\"sdm_fancy_template_wrapper\"><div class=\"sdm_fancy2_item sdm_fancy2_grid\"><div class=\"sdm_fancy2_wrapper\"><div class=\"sdm_fancy2_download_item_top\"><div class=\"sdm_fancy2_download_thumbnail\"><img class=\"sdm_fancy2_thumb_image\" src=\"http:\/\/sisa.archaeological.science\/wp-content\/uploads\/2021\/10\/SISA2021_211011.jpg\" alt = \"Protected: Turck, Rouven, et al: Swiss International Summer School for Alpine Archaeology 2018\u20132021. R\u00fcckblick \u2013 und Ausblick\" \/><\/div><\/div><div class=\"sdm_fancy2_download_title\">Protected: Turck, Rouven, et al: Swiss International Summer School for Alpine Archaeology 2018\u20132021. R\u00fcckblick \u2013 und Ausblick<\/div><div class=\"sdm_fancy2_download_link\"><span class=\"sdm_enter_password_label_text\">Enter Password to Download:<\/span><form action=\"https:\/\/sisa.archaeological.science\/?sdm_process_download=1&download_id=476\" method=\"post\" id=\"sdm-pass-69e00f526933a\" class=\"sdm-download-form\"><input type=\"password\" name=\"pass_text\" class=\"sdm_pass_text\" value=\"\" \/> <span class=\"sdm-download-button\"><a href=\"#\" name=\"sdm_dl_pass_submit\" class=\"pass_sumbit sdm_pass_protected_download sdm_download_with_condition sdm_fancy2_download_dl_link\">Download Now!<\/a><\/span><input type=\"hidden\" name=\"download_id\" value=\"476\" \/><\/form><\/div><\/div><\/div><\/div><div class=\"sdm_fancy_template_wrapper\"><div class=\"sdm_fancy2_item sdm_fancy2_grid\"><div class=\"sdm_fancy2_wrapper\"><div class=\"sdm_fancy2_download_item_top\"><div class=\"sdm_fancy2_download_thumbnail\"><img class=\"sdm_fancy2_thumb_image\" src=\"http:\/\/sisa.archaeological.science\/wp-content\/uploads\/2021\/10\/SISA2021_PDC_surveymethods.jpg\" alt = \"Protected: Della Casa, Philippe &#8211; Landscape Archaeological Survey in Mountain Environments\" \/><\/div><\/div><div class=\"sdm_fancy2_download_title\">Protected: Della Casa, Philippe &#8211; Landscape Archaeological Survey in Mountain Environments<\/div><div class=\"sdm_fancy2_download_link\"><span class=\"sdm_enter_password_label_text\">Enter Password to Download:<\/span><form action=\"https:\/\/sisa.archaeological.science\/?sdm_process_download=1&download_id=473\" method=\"post\" id=\"sdm-pass-69e00f52697a1\" class=\"sdm-download-form\"><input type=\"password\" name=\"pass_text\" class=\"sdm_pass_text\" value=\"\" \/> <span class=\"sdm-download-button\"><a href=\"#\" name=\"sdm_dl_pass_submit\" class=\"pass_sumbit sdm_pass_protected_download sdm_download_with_condition sdm_fancy2_download_dl_link\">Download Now!<\/a><\/span><input type=\"hidden\" name=\"download_id\" value=\"473\" \/><\/form><\/div><\/div><\/div><\/div><div class=\"sdm_clear_float\"><\/div><div class=\"sdm_fancy_template_wrapper\"><div class=\"sdm_fancy2_item sdm_fancy2_grid\"><div class=\"sdm_fancy2_wrapper\"><div class=\"sdm_fancy2_download_item_top\"><div class=\"sdm_fancy2_download_thumbnail\"><img class=\"sdm_fancy2_thumb_image\" src=\"http:\/\/sisa.archaeological.science\/wp-content\/uploads\/2021\/09\/ullrich_burkart_thumb.png\" alt = \"Protected: Ullrich, Burkart &#8211; Geophysics in high mountain mining districts\" \/><\/div><\/div><div class=\"sdm_fancy2_download_title\">Protected: Ullrich, Burkart &#8211; Geophysics in high mountain mining districts<\/div><div class=\"sdm_fancy2_download_link\"><span class=\"sdm_enter_password_label_text\">Enter Password to Download:<\/span><form action=\"https:\/\/sisa.archaeological.science\/?sdm_process_download=1&download_id=467\" method=\"post\" id=\"sdm-pass-69e00f5269c4c\" class=\"sdm-download-form\"><input type=\"password\" name=\"pass_text\" class=\"sdm_pass_text\" value=\"\" \/> <span class=\"sdm-download-button\"><a href=\"#\" name=\"sdm_dl_pass_submit\" class=\"pass_sumbit sdm_pass_protected_download sdm_download_with_condition sdm_fancy2_download_dl_link\">Download Now!<\/a><\/span><input type=\"hidden\" name=\"download_id\" value=\"467\" \/><\/form><\/div><\/div><\/div><\/div><div class=\"sdm_fancy_template_wrapper\"><div class=\"sdm_fancy2_item sdm_fancy2_grid\"><div class=\"sdm_fancy2_wrapper\"><div class=\"sdm_fancy2_download_item_top\"><div class=\"sdm_fancy2_download_thumbnail\"><img class=\"sdm_fancy2_thumb_image\" src=\"http:\/\/sisa.archaeological.science\/wp-content\/uploads\/2021\/09\/turck_rouven_thumb.png\" alt = \"Protected: Turck, Rouven &#8211; Du fer \u00e0 Trient, Les Tspeppes. R\u00e9sultats pr\u00e9liminaires\" \/><\/div><\/div><div class=\"sdm_fancy2_download_title\">Protected: Turck, Rouven &#8211; Du fer \u00e0 Trient, Les Tspeppes. R\u00e9sultats pr\u00e9liminaires<\/div><div class=\"sdm_fancy2_download_link\"><span class=\"sdm_enter_password_label_text\">Enter Password to Download:<\/span><form action=\"https:\/\/sisa.archaeological.science\/?sdm_process_download=1&download_id=464\" method=\"post\" id=\"sdm-pass-69e00f5269f7d\" class=\"sdm-download-form\"><input type=\"password\" name=\"pass_text\" class=\"sdm_pass_text\" value=\"\" \/> <span class=\"sdm-download-button\"><a href=\"#\" name=\"sdm_dl_pass_submit\" class=\"pass_sumbit sdm_pass_protected_download sdm_download_with_condition sdm_fancy2_download_dl_link\">Download Now!<\/a><\/span><input type=\"hidden\" name=\"download_id\" value=\"464\" \/><\/form><\/div><\/div><\/div><\/div><div class=\"sdm_fancy_template_wrapper\"><div class=\"sdm_fancy2_item sdm_fancy2_grid\"><div class=\"sdm_fancy2_wrapper\"><div class=\"sdm_fancy2_download_item_top\"><div class=\"sdm_fancy2_download_thumbnail\"><img class=\"sdm_fancy2_thumb_image\" src=\"http:\/\/sisa.archaeological.science\/wp-content\/uploads\/2021\/09\/serneels_vincent_thumb.png\" alt = \"Protected: Serneels, Vincent &#8211; Ancient Iron in Switzerland\" \/><\/div><\/div><div class=\"sdm_fancy2_download_title\">Protected: Serneels, Vincent &#8211; Ancient Iron in Switzerland<\/div><div class=\"sdm_fancy2_download_link\"><span class=\"sdm_enter_password_label_text\">Enter Password to Download:<\/span><form action=\"https:\/\/sisa.archaeological.science\/?sdm_process_download=1&download_id=458\" method=\"post\" id=\"sdm-pass-69e00f526adb9\" class=\"sdm-download-form\"><input type=\"password\" name=\"pass_text\" class=\"sdm_pass_text\" value=\"\" \/> <span class=\"sdm-download-button\"><a href=\"#\" name=\"sdm_dl_pass_submit\" class=\"pass_sumbit sdm_pass_protected_download sdm_download_with_condition sdm_fancy2_download_dl_link\">Download Now!<\/a><\/span><input type=\"hidden\" name=\"download_id\" value=\"458\" \/><\/form><\/div><\/div><\/div><\/div><div class=\"sdm_clear_float\"><\/div><div class=\"sdm_fancy_template_wrapper\"><div class=\"sdm_fancy2_item sdm_fancy2_grid\"><div class=\"sdm_fancy2_wrapper\"><div class=\"sdm_fancy2_download_item_top\"><div class=\"sdm_fancy2_download_thumbnail\"><img class=\"sdm_fancy2_thumb_image\" src=\"http:\/\/sisa.archaeological.science\/wp-content\/uploads\/2021\/09\/leuzinger_urs_thumb.png\" alt = \"Protected: Leuzinger, Urs &#8211; Lithic resources in the Alps\" \/><\/div><\/div><div class=\"sdm_fancy2_download_title\">Protected: Leuzinger, Urs &#8211; Lithic resources in the Alps<\/div><div class=\"sdm_fancy2_download_link\"><span class=\"sdm_enter_password_label_text\">Enter Password to Download:<\/span><form action=\"https:\/\/sisa.archaeological.science\/?sdm_process_download=1&download_id=455\" method=\"post\" id=\"sdm-pass-69e00f526b337\" class=\"sdm-download-form\"><input type=\"password\" name=\"pass_text\" class=\"sdm_pass_text\" value=\"\" \/> <span class=\"sdm-download-button\"><a href=\"#\" name=\"sdm_dl_pass_submit\" class=\"pass_sumbit sdm_pass_protected_download sdm_download_with_condition sdm_fancy2_download_dl_link\">Download Now!<\/a><\/span><input type=\"hidden\" name=\"download_id\" value=\"455\" \/><\/form><\/div><\/div><\/div><\/div><div class=\"sdm_fancy_template_wrapper\"><div class=\"sdm_fancy2_item sdm_fancy2_grid\"><div class=\"sdm_fancy2_wrapper\"><div class=\"sdm_fancy2_download_item_top\"><div class=\"sdm_fancy2_download_thumbnail\"><img class=\"sdm_fancy2_thumb_image\" src=\"http:\/\/sisa.archaeological.science\/wp-content\/uploads\/2021\/09\/deschler-erb_eckhard_thumb.png\" alt = \"Protected: Deschler-Erb, Eckhard &#8211; The Roman way of Life\" \/><\/div><\/div><div class=\"sdm_fancy2_download_title\">Protected: Deschler-Erb, Eckhard &#8211; The Roman way of Life<\/div><div class=\"sdm_fancy2_download_link\"><span class=\"sdm_enter_password_label_text\">Enter Password to Download:<\/span><form action=\"https:\/\/sisa.archaeological.science\/?sdm_process_download=1&download_id=452\" method=\"post\" id=\"sdm-pass-69e00f526b8c9\" class=\"sdm-download-form\"><input type=\"password\" name=\"pass_text\" class=\"sdm_pass_text\" value=\"\" \/> <span class=\"sdm-download-button\"><a href=\"#\" name=\"sdm_dl_pass_submit\" class=\"pass_sumbit sdm_pass_protected_download sdm_download_with_condition sdm_fancy2_download_dl_link\">Download Now!<\/a><\/span><input type=\"hidden\" name=\"download_id\" value=\"452\" \/><\/form><\/div><\/div><\/div><\/div><div class=\"sdm_fancy_template_wrapper\"><div class=\"sdm_fancy2_item sdm_fancy2_grid\"><div class=\"sdm_fancy2_wrapper\"><div class=\"sdm_fancy2_download_item_top\"><div class=\"sdm_fancy2_download_thumbnail\"><img class=\"sdm_fancy2_thumb_image\" src=\"http:\/\/sisa.archaeological.science\/wp-content\/uploads\/2021\/09\/cattin_florence_thumb.png\" alt = \"Protected: Cattin, Florence &#8211; Local Copper Ores\" \/><\/div><\/div><div class=\"sdm_fancy2_download_title\">Protected: Cattin, Florence &#8211; Local Copper Ores<\/div><div class=\"sdm_fancy2_download_link\"><span class=\"sdm_enter_password_label_text\">Enter Password to Download:<\/span><form action=\"https:\/\/sisa.archaeological.science\/?sdm_process_download=1&download_id=449\" method=\"post\" id=\"sdm-pass-69e00f526bc77\" class=\"sdm-download-form\"><input type=\"password\" name=\"pass_text\" class=\"sdm_pass_text\" value=\"\" \/> <span class=\"sdm-download-button\"><a href=\"#\" name=\"sdm_dl_pass_submit\" class=\"pass_sumbit sdm_pass_protected_download sdm_download_with_condition sdm_fancy2_download_dl_link\">Download Now!<\/a><\/span><input type=\"hidden\" name=\"download_id\" value=\"449\" \/><\/form><\/div><\/div><\/div><\/div><div class=\"sdm_clear_float\"><\/div><div class=\"sdm_fancy_template_wrapper\"><div class=\"sdm_fancy2_item sdm_fancy2_grid\"><div class=\"sdm_fancy2_wrapper\"><div class=\"sdm_fancy2_download_item_top\"><div class=\"sdm_fancy2_download_thumbnail\"><img class=\"sdm_fancy2_thumb_image\" src=\"http:\/\/sisa.archaeological.science\/wp-content\/uploads\/2021\/09\/benedetti_sandro_thumb.png\" alt = \"Protected: Benedetti, Sandro &#8211; Patrimoine et jalons historiques de la vall\u00e9e du Trient\" \/><\/div><\/div><div class=\"sdm_fancy2_download_title\">Protected: Benedetti, Sandro &#8211; Patrimoine et jalons historiques de la vall\u00e9e du Trient<\/div><div class=\"sdm_fancy2_download_link\"><span class=\"sdm_enter_password_label_text\">Enter Password to Download:<\/span><form action=\"https:\/\/sisa.archaeological.science\/?sdm_process_download=1&download_id=446\" method=\"post\" id=\"sdm-pass-69e00f526bf44\" class=\"sdm-download-form\"><input type=\"password\" name=\"pass_text\" class=\"sdm_pass_text\" value=\"\" \/> <span class=\"sdm-download-button\"><a href=\"#\" name=\"sdm_dl_pass_submit\" class=\"pass_sumbit sdm_pass_protected_download sdm_download_with_condition sdm_fancy2_download_dl_link\">Download Now!<\/a><\/span><input type=\"hidden\" name=\"download_id\" value=\"446\" \/><\/form><\/div><\/div><\/div><\/div><div class=\"sdm_fancy_template_wrapper\"><div class=\"sdm_fancy2_item sdm_fancy2_grid\"><div class=\"sdm_fancy2_wrapper\"><div class=\"sdm_fancy2_download_item_top\"><div class=\"sdm_fancy2_download_thumbnail\"><img class=\"sdm_fancy2_thumb_image\" src=\"http:\/\/sisa.archaeological.science\/wp-content\/uploads\/2021\/09\/beck_barbara_thumb.png\" alt = \"Protected: Beck, Barbara &#8211; Was there a local lead \u2013 silver production in the Wallis area, Switzerland?\" \/><\/div><\/div><div class=\"sdm_fancy2_download_title\">Protected: Beck, Barbara &#8211; Was there a local lead \u2013 silver production in the Wallis area, Switzerland?<\/div><div class=\"sdm_fancy2_download_link\"><span class=\"sdm_enter_password_label_text\">Enter Password to Download:<\/span><form action=\"https:\/\/sisa.archaeological.science\/?sdm_process_download=1&download_id=439\" method=\"post\" id=\"sdm-pass-69e00f526c2b1\" class=\"sdm-download-form\"><input type=\"password\" name=\"pass_text\" class=\"sdm_pass_text\" value=\"\" \/> <span class=\"sdm-download-button\"><a href=\"#\" name=\"sdm_dl_pass_submit\" class=\"pass_sumbit sdm_pass_protected_download sdm_download_with_condition sdm_fancy2_download_dl_link\">Download Now!<\/a><\/span><input type=\"hidden\" name=\"download_id\" value=\"439\" \/><\/form><\/div><\/div><\/div><\/div><div class=\"sdm_fancy_template_wrapper\"><div class=\"sdm_fancy2_item sdm_fancy2_grid\"><div class=\"sdm_fancy2_wrapper\"><div class=\"sdm_fancy2_download_item_top\"><div class=\"sdm_fancy2_download_thumbnail\"><img class=\"sdm_fancy2_thumb_image\" src=\"http:\/\/sisa.archaeological.science\/wp-content\/uploads\/2021\/09\/hinz_martin_thumb.png\" alt = \"Protected: Hinz, Martin: pXRF &#8211; a fast and low cost geochemical survey method\" \/><\/div><\/div><div class=\"sdm_fancy2_download_title\">Protected: Hinz, Martin: pXRF &#8211; a fast and low cost geochemical survey method<\/div><div class=\"sdm_fancy2_download_link\"><span class=\"sdm_enter_password_label_text\">Enter Password to Download:<\/span><form action=\"https:\/\/sisa.archaeological.science\/?sdm_process_download=1&download_id=423\" method=\"post\" id=\"sdm-pass-69e00f526c845\" class=\"sdm-download-form\"><input type=\"password\" name=\"pass_text\" class=\"sdm_pass_text\" value=\"\" \/> <span class=\"sdm-download-button\"><a href=\"#\" name=\"sdm_dl_pass_submit\" class=\"pass_sumbit sdm_pass_protected_download sdm_download_with_condition sdm_fancy2_download_dl_link\">Download Now!<\/a><\/span><input type=\"hidden\" name=\"download_id\" value=\"423\" \/><\/form><\/div><\/div><\/div><\/div><div class=\"sdm_clear_float\"><\/div><div class=\"sdm_clear_float\"><\/div>\n\n\n\n<p><\/p>\n","protected":false},"excerpt":{"rendered":"<p>Here you may find the presentations given at SISA 2021. Password required.<\/p>\n","protected":false},"author":5,"featured_media":0,"parent":355,"menu_order":0,"comment_status":"closed","ping_status":"closed","template":"","meta":[],"_links":{"self":[{"href":"https:\/\/sisa.archaeological.science\/index.php\/wp-json\/wp\/v2\/pages\/425"}],"collection":[{"href":"https:\/\/sisa.archaeological.science\/index.php\/wp-json\/wp\/v2\/pages"}],"about":[{"href":"https:\/\/sisa.archaeological.science\/index.php\/wp-json\/wp\/v2\/types\/page"}],"author":[{"embeddable":true,"href":"https:\/\/sisa.archaeological.science\/index.php\/wp-json\/wp\/v2\/users\/5"}],"replies":[{"embeddable":true,"href":"https:\/\/sisa.archaeological.science\/index.php\/wp-json\/wp\/v2\/comments?post=425"}],"version-history":[{"count":13,"href":"https:\/\/sisa.archaeological.science\/index.php\/wp-json\/wp\/v2\/pages\/425\/revisions"}],"predecessor-version":[{"id":479,"href":"https:\/\/sisa.archaeological.science\/index.php\/wp-json\/wp\/v2\/pages\/425\/revisions\/479"}],"up":[{"embeddable":true,"href":"https:\/\/sisa.archaeological.science\/index.php\/wp-json\/wp\/v2\/pages\/355"}],"wp:attachment":[{"href":"https:\/\/sisa.archaeological.science\/index.php\/wp-json\/wp\/v2\/media?parent=425"}],"curies":[{"name":"wp","href":"https:\/\/api.w.org\/{rel}","templated":true}]}}